{"id":82,"date":"2020-03-16T12:49:01","date_gmt":"2020-03-16T12:49:01","guid":{"rendered":"https:\/\/boost2nine.com\/?page_id=82"},"modified":"2024-03-03T19:38:44","modified_gmt":"2024-03-03T18:38:44","slug":"trainer-jenny","status":"publish","type":"page","link":"https:\/\/boost2nine.com\/","title":{"rendered":"Trainer Jenny"},"content":{"rendered":"\n\n\t<h5>\n\t\t\t\t\t\u00a1Hola! Mi nombre es Jorge\n\t\t\t\t<\/h5>\n\t<h1>\n\t\t\t\t\tEntrenador de escalada\n\t\t\t\t<\/h1>\n\t<ul>\n\t\t<li>\t\t\t\t\n\t\t<h6>Tu cuerpo puede entender casi cualquier cosa. Es tu mente a la debes convencer<\/h6><\/li>\t<\/ul>\n\t<p>Improve your climbing, improve your challenge<\/p>\n\t<h6>\n\t\t\t\t\t01.\n\t\t\t\t<\/h6>\n\t<h5>\n\t\t\t\t\tEntrenamiento de escalada\n\t\t\t\t<\/h5>\n\t<h6>\n\t\t\t\t\t110 \u20ac \/ sesi\u00f3n\n\t\t\t\t<\/h6>\n\t<h3>\n\t\t\t\t\tPlanes de entreno\n\t\t\t\t<\/h3>\n\t<h5>\n\t\t\t\t\tQu\u00e9 incluye\n\t\t\t\t<\/h5>\n\t<ul>\n\t\t<li>Planes de entrenamiento trimestrales <\/li><li>Escalada deportiva<\/li><li>Escalada en bloque<\/li><li>Fuerza de dedos<\/li><li>Core para escaladores<\/li>\t<\/ul>\n\t\t\t<a href=\"#\" target=\"_self\" role=\"button\" rel=\"noopener\">\n\t\t\t\t\t\tConsultar\n\t\t<\/a>\n\t<h6>\n\t\t\t\t\t150 \u20ac \/ sesi\u00f3n\n\t\t\t\t<\/h6>\n\t<h3>\n\t\t\t\t\tEntrenamiento personalizado\n\t\t\t\t<\/h3>\n\t<h5>\n\t\t\t\t\tQu\u00e9 incluye\n\t\t\t\t<\/h5>\n\t<ul>\n\t\t<li><p>Entrevista personal<\/p><\/li><li>Valoracion Perfil fisiologico<\/li><li>Planes de 3 y 6 meses<\/li><li>Seguimiento continuo<\/li><li>Evaluacion de ResultadosEnter description text here.<\/li>\t<\/ul>\n\t\t\t<a href=\"#\" target=\"_self\" role=\"button\" rel=\"noopener\">\n\t\t\t\t\t\tConsultar\n\t\t<\/a>\n\t<h6>\n\t\t\t\t\t55 \u20ac \/ sesi\u00f3n\n\t\t\t\t<\/h6>\n\t<h3>\n\t\t\t\t\tConsultas telefonicas\n\t\t\t\t<\/h3>\n\t<h5>\n\t\t\t\t\tQu\u00e9 incluye\n\t\t\t\t<\/h5>\n\t<ul>\n\t\t<li>45 min de meeting online <\/li><li>Plan de accion por email para 4 semanas <\/li>\t<\/ul>\n\t\t\t<a href=\"#\" target=\"_self\" role=\"button\" rel=\"noopener\">\n\t\t\t\t\t\tConsultar\n\t\t<\/a>\n\t<h6>\n\t\t\t\t\t02.\n\t\t\t\t<\/h6>\n\t<h5>\n\t\t\t\t\tSobre m\u00ed\n\t\t\t\t<\/h5>\n\t<h2>\n\t\t\t\t\tSobre m\u00ed\n\t\t\t\t<\/h2>\n\t<h4>\n\t\t\t\t\tSoy Jorge Pe\u00f1alver, entrenador profesional de escalada\n\t\t\t\t<\/h4>\n\tCon m\u00e1s de 5 a\u00f1os de<br \/>\nexperiencia formando y acompa\u00f1ando a escaladores alrededor del mundo, mi pasi\u00f3n por la<br \/>\nescalada y el entrenamiento me ha llevado a interactuar con clientes de diversos backgrounds,<br \/>\ndisfrutando y aprendiendo de cada uno de ellos. Mi compromiso es ayudar a los escaladores a<br \/>\ndesarrollar su mejor versi\u00f3n, alcanzando sus obje&#8217;vos m\u00e1s ambiciosos tanto en la roca como en<br \/>\ncompe&#8217;ci\u00f3n\n\tMi especializaci\u00f3n se centra en la escalada depor&#8217;va y de bloque, disciplinas que he prac&#8217;cado<br \/>\nintensamente, alcanzando grados de hasta V12 en bloque,  escalando V11 en tres con&#8217;nentes<br \/>\ndiferentes. Mi experiencia en compe&#8217;ciones es amplia, habiendo alcanzado un segundo puesto<br \/>\nen el Campeonato de Catalu\u00f1a de bloque en 2010 y entrenado bajo la gu\u00eda de algunos de los<br \/>\nmejores entrenadores de Espa\u00f1a, como David Macia y Eki Alsasua\n\t<h4>\n\t\t\t\t\tHabilidades\n\t\t\t\t<\/h4>\n\t<ul>\n\t\t<li><h6>Alto nivel de formaci\u00f3n<\/h6><\/li><li><h6>Dotes docentes<\/h6><\/li><li><h6>Anal\u00edtico y did\u00e1ctico<\/h6><\/li><li><h6>Comprometido<\/h6><\/li><li><h6>Experiencia internacional<\/h6><\/li>\t<\/ul>\n\t<h6>\n\t\t\t\t\t05.\n\t\t\t\t<\/h6>\n\t<h5>\n\t\t\t\t\tPorqu\u00e9 entrenar conmigo\n\t\t\t\t<\/h5>\n\t<h2>\n\t\t\t\t\tFilofosf\u00eda y apuesta de valor\n\t\t\t\t<\/h2>\n\t<p>Magna aliqua. Ut enim ad minim veniam, quis nostrud exercitation ullamco laboris nisi ut aliquip ex ea commodo consequat. Duis aute irure dolor.<\/p>\n\t<ul>\n\t\t<li>Filosof\u00eda de entrenamiento<p>Mi enfoque de entrenamiento se basa en la evidencia cient\u00edfica y los datos, empleando la metodolog\u00eda desarrollada por Phd Pedro Bergua, junto con la invaluable orientaci\u00f3n de expertos como el Dr. Tyler Nelson. Creo firmemente que una preparaci\u00f3n integral, que combine aspectos f\u00edsicos, t\u00e1cticos y psicol\u00f3gicos, es esencial para el \u00e9xito en la escalada. Esta visi\u00f3n me ha llevado a formarme continuamente con algunos de los mejores entrenadores del mundo, asegurando que mis m\u00e9todos de entrenamiento est\u00e9n siempre a la vanguardia y sean altamente efectivos. No me olvido de la evaluacion efectiva y el control de la carga un area clave para la prevencion de lesiones.<\/p>\n<\/li><li>Certificaciones y LogrosM\u00e1s de 5 a\u00f1os entrenando activamente escaladores a nivel global.<br \/>\nEspecializado en escalada deportiva y de bloque, con experiencia en roca y competici\u00f3n.<br \/>\nHe escalado bloques de hasta V12 y he logrado V11 en tres continentes.<br \/>\nSegundo puesto en el Campeonato de Catalu\u00f1a de bloque en 2010.<br \/>\nFormaci\u00f3n continua con destacados entrenadores a nivel mundial como Phd Pedro Bergua y el Dr. Tyler Nelson.\n<\/li><li>Compromiso con tu \u00e9xito<p>Mi misi\u00f3n es acompa\u00f1arte en tu camino hacia la excelencia en la escalada, adaptando cada sesi\u00f3n a tus necesidades \u00fanicas y objetivos espec\u00edficos. Ya sea que busques superar un nuevo grado, prepararte para una competici\u00f3n o simplemente mejorar tu t\u00e9cnica y condici\u00f3n f\u00edsica, estoy aqu\u00ed para guiarte hacia tus metas m\u00e1s altas. Juntos, no solo escalaremos rutas; escalaremos hacia nuevas versiones de ti mismo<\/p>\n<\/li>\t<\/ul>\n\t<h6>\n\t\t\t\t\t03.\n\t\t\t\t<\/h6>\n\t<h5>\n\t\t\t\t\tTestimonios\n\t\t\t\t<\/h5>\n\t<h2>\n\t\t\t\t\tLo que dicen de m\u00ed\n\t\t\t\t<\/h2>\n\t<p>\u00abLorem ipsum dolor sit amet, consectetur adipiscing elit ut elit tellus, luctus nec ullamcorper mattis, pulvinar dapibus leo.\u00bb<\/p>\n\t<ul>\n\t\t<li>\t\t\n\t\t\t\t<img decoding=\"async\" src=\"https:\/\/boost2nine.com\/wp-content\/uploads\/bb-plugin\/cache\/foto-9-circle.jpg\" alt=\"foto-9\" itemprop=\"image\"\/>\n\t\t<h6>Pamela Collins<\/h6><p>10 Weeks \/ Private Training<\/p><\/li>\t<\/ul>\n\t<p>\u00abLorem ipsum dolor sit amet, consectetur adipiscing elit ut elit tellus, luctus nec ullamcorper mattis, pulvinar dapibus leo.\u00bb<\/p>\n\t<ul>\n\t\t<li>\t\t\n\t\t\t\t<img decoding=\"async\" src=\"https:\/\/boost2nine.com\/wp-content\/uploads\/bb-plugin\/cache\/foto-2-circle.jpg\" alt=\"foto-2\" itemprop=\"image\"\/>\n\t\t<h6>Sean Silva<\/h6><p>8 Weeks \/ Athlete Training<\/p><\/li>\t<\/ul>\n\t<p>\u00abLorem ipsum dolor sit amet, consectetur adipiscing elit ut elit tellus, luctus nec ullamcorper mattis, pulvinar dapibus leo.\u00bb<\/p>\n\t<ul>\n\t\t<li>\t\t\n\t\t\t\t<img decoding=\"async\" src=\"https:\/\/boost2nine.com\/wp-content\/uploads\/bb-plugin\/cache\/foto-6-circle.jpg\" alt=\"foto-6\" itemprop=\"image\"\/>\n\t\t<h6>Heather Holland<\/h6><p>12 Weeks \/ Group Training<\/p><\/li>\t<\/ul>\n\t<h6>\n\t\t\t\t\t04.\n\t\t\t\t<\/h6>\n\t<h5>\n\t\t\t\t\tResultados\n\t\t\t\t<\/h5>\n\t<h2>\n\t\t\t\t\tCompromiso y esfuerzo\n\t\t\t\t<\/h2>\n\t<p>Quiz\u00e1 pienses que hay trucos, secretos o atajos. Ya te lo adelanto: S\u00f3lo hay 1 camino: El trabajo, el compromiso y el esfuerzo. S\u00f3lo as\u00ed llegar\u00e1s a conseguir tu objetivos<\/p>\n\t\t\t\t<img decoding=\"async\" src=\"https:\/\/boost2nine.com\/wp-content\/uploads\/2024\/03\/foto-2.jpg\" alt=\"foto-2\" itemprop=\"image\"\/>\n\t\t\t\t<img decoding=\"async\" src=\"https:\/\/boost2nine.com\/wp-content\/uploads\/2024\/03\/foto-3.jpg\" alt=\"foto-3\" itemprop=\"image\"\/>\n\t\t\t\t<img decoding=\"async\" src=\"https:\/\/boost2nine.com\/wp-content\/uploads\/2024\/03\/foto-1.jpg\" alt=\"foto-1\" itemprop=\"image\"\/>\n\t\t\t\t<img decoding=\"async\" src=\"https:\/\/boost2nine.com\/wp-content\/uploads\/2024\/03\/foto-4.jpg\" alt=\"foto-4\" itemprop=\"image\"\/>\n\t\t\t\t<img decoding=\"async\" src=\"https:\/\/boost2nine.com\/wp-content\/uploads\/2024\/03\/fotoi-5.jpg\" alt=\"fotoi-5\" itemprop=\"image\"\/>\n\t\t\t\t<img decoding=\"async\" src=\"https:\/\/boost2nine.com\/wp-content\/uploads\/2024\/03\/foto-9.jpg\" alt=\"foto-9\" itemprop=\"image\"\/>\n\t\t\t\t<img decoding=\"async\" src=\"https:\/\/boost2nine.com\/wp-content\/uploads\/2024\/03\/foto-7.jpg\" alt=\"foto-7\" itemprop=\"image\"\/>\n\t\t\t\t<img decoding=\"async\" src=\"https:\/\/boost2nine.com\/wp-content\/uploads\/2024\/03\/foto-6.jpg\" alt=\"foto-6\" itemprop=\"image\"\/>\n\t\t\t\t<img decoding=\"async\" src=\"https:\/\/boost2nine.com\/wp-content\/uploads\/2024\/03\/foto-10.jpg\" alt=\"foto-10\" itemprop=\"image\"\/>\n\t<h6>\n\t\t\t\t\t05.\n\t\t\t\t<\/h6>\n\t<h5>\n\t\t\t\t\tContacto\n\t\t\t\t<\/h5>\n\t<h2>\n\t\t\t\t\tGet in touch\n\t\t\t\t<\/h2>\n\t<p>Para resolver cualquier duda o realizar cualquier consulta, ponte en contacto conmigo<\/p>\n\t<div class=\"wpforms-container \" id=\"wpforms-37\"><form id=\"wpforms-form-37\" class=\"wpforms-validate wpforms-form\" data-formid=\"37\" method=\"post\" enctype=\"multipart\/form-data\" action=\"\/index.php?rest_route=%2Fwp%2Fv2%2Fpages%2F82\" data-token=\"39f2f21c187c648bfc0e71105f4b297a\"><noscript class=\"wpforms-error-noscript\">Por favor, activa JavaScript en tu navegador para completar este formulario.<\/noscript><div class=\"wpforms-field-container\"><div id=\"wpforms-37-field_0-container\" class=\"wpforms-field wpforms-field-name\" data-field-id=\"0\"><label class=\"wpforms-field-label\" for=\"wpforms-37-field_0\">Nombre <span class=\"wpforms-required-label\">*<\/span><\/label><div class=\"wpforms-field-row wpforms-field-large\"><div class=\"wpforms-field-row-block wpforms-first wpforms-one-half\"><input type=\"text\" id=\"wpforms-37-field_0\" class=\"wpforms-field-name-first wpforms-field-required\" name=\"wpforms[fields][0][first]\" required><label for=\"wpforms-37-field_0\" class=\"wpforms-field-sublabel after \">Nombre<\/label><\/div><div class=\"wpforms-field-row-block wpforms-one-half\"><input type=\"text\" id=\"wpforms-37-field_0-last\" class=\"wpforms-field-name-last wpforms-field-required\" name=\"wpforms[fields][0][last]\" required><label for=\"wpforms-37-field_0-last\" class=\"wpforms-field-sublabel after \">Apellidos<\/label><\/div><\/div><\/div><div id=\"wpforms-37-field_1-container\" class=\"wpforms-field wpforms-field-email\" data-field-id=\"1\"><label class=\"wpforms-field-label\" for=\"wpforms-37-field_1\">Email <span class=\"wpforms-required-label\">*<\/span><\/label><input type=\"email\" id=\"wpforms-37-field_1\" class=\"wpforms-field-large wpforms-field-required\" name=\"wpforms[fields][1]\" spellcheck=\"false\" required><\/div><div id=\"wpforms-37-field_2-container\" class=\"wpforms-field wpforms-field-textarea\" data-field-id=\"2\"><label class=\"wpforms-field-label\" for=\"wpforms-37-field_2\">Comentarios <span class=\"wpforms-required-label\">*<\/span><\/label><textarea id=\"wpforms-37-field_2\" class=\"wpforms-field-medium wpforms-field-required\" name=\"wpforms[fields][2]\" required><\/textarea><\/div><\/div><!-- .wpforms-field-container --><div class=\"wpforms-field wpforms-field-hp\"><label for=\"wpforms-37-field-hp\" class=\"wpforms-field-label\">Email<\/label><input type=\"text\" name=\"wpforms[hp]\" id=\"wpforms-37-field-hp\" class=\"wpforms-field-medium\"><\/div><div class=\"wpforms-submit-container\" ><input type=\"hidden\" name=\"wpforms[id]\" value=\"37\"><input type=\"hidden\" name=\"wpforms[author]\" value=\"1\"><button type=\"submit\" name=\"wpforms[submit]\" id=\"wpforms-submit-37\" class=\"wpforms-submit\" data-alt-text=\"Enviando...\" data-submit-text=\"Enviar\" aria-live=\"assertive\" value=\"wpforms-submit\">Enviar<\/button><\/div><\/form><\/div>  <!-- .wpforms-container -->\n\t<p>Email<\/p>\n\t<h4>\n\t\t\t\t\tinfo@boost2nine.com\n\t\t\t\t<\/h4>\n\t<p>Phone<\/p>\n\t<h4>\n\t\t\t\t\t900 000 000\n\t\t\t\t<\/h4>\n\n","protected":false},"excerpt":{"rendered":"<p>\u00a1Hola! Mi nombre es Jorge Entrenador de escalada Tu cuerpo puede entender casi cualquier cosa. Es tu mente a la debes convencer Improve your climbing, improve your challenge 01. Entrenamiento de escalada 110 \u20ac \/ sesi\u00f3n Planes de entreno Qu\u00e9 incluye Planes de entrenamiento trimestrales Escalada deportiva Escalada en bloque Fuerza de dedos Core para [&hellip;]<\/p>\n","protected":false},"author":1,"featured_media":0,"parent":0,"menu_order":0,"comment_status":"closed","ping_status":"closed","template":"","meta":{"site-sidebar-layout":"no-sidebar","site-content-layout":"page-builder","ast-site-content-layout":"","site-content-style":"default","site-sidebar-style":"default","ast-global-header-display":"","ast-banner-title-visibility":"","ast-main-header-display":"","ast-hfb-above-header-display":"","ast-hfb-below-header-display":"","ast-hfb-mobile-header-display":"","site-post-title":"disabled","ast-breadcrumbs-content":"","ast-featured-img":"disabled","footer-sml-layout":"disabled","theme-transparent-header-meta":"enabled","adv-header-id-meta":"","stick-header-meta":"","header-above-stick-meta":"","header-main-stick-meta":"","header-below-stick-meta":"","astra-migrate-meta-layouts":"default","ast-page-background-enabled":"default","ast-page-background-meta":{"desktop":{"background-color":"","background-image":"","background-repeat":"repeat","background-position":"center center","background-size":"auto","background-attachment":"scroll","background-type":"","background-media":"","overlay-type":"","overlay-color":"","overlay-gradient":""},"tablet":{"background-color":"","background-image":"","background-repeat":"repeat","background-position":"center center","background-size":"auto","background-attachment":"scroll","background-type":"","background-media":"","overlay-type":"","overlay-color":"","overlay-gradient":""},"mobile":{"background-color":"","background-image":"","background-repeat":"repeat","background-position":"center center","background-size":"auto","background-attachment":"scroll","background-type":"","background-media":"","overlay-type":"","overlay-color":"","overlay-gradient":""}},"ast-content-background-meta":{"desktop":{"background-color":"var(--ast-global-color-5)","background-image":"","background-repeat":"repeat","background-position":"center center","background-size":"auto","background-attachment":"scroll","background-type":"","background-media":"","overlay-type":"","overlay-color":"","overlay-gradient":""},"tablet":{"background-color":"var(--ast-global-color-5)","background-image":"","background-repeat":"repeat","background-position":"center center","background-size":"auto","background-attachment":"scroll","background-type":"","background-media":"","overlay-type":"","overlay-color":"","overlay-gradient":""},"mobile":{"background-color":"var(--ast-global-color-5)","background-image":"","background-repeat":"repeat","background-position":"center center","background-size":"auto","background-attachment":"scroll","background-type":"","background-media":"","overlay-type":"","overlay-color":"","overlay-gradient":""}},"footnotes":""},"class_list":["post-82","page","type-page","status-publish","hentry"],"_links":{"self":[{"href":"https:\/\/boost2nine.com\/index.php?rest_route=\/wp\/v2\/pages\/82","targetHints":{"allow":["GET"]}}],"collection":[{"href":"https:\/\/boost2nine.com\/index.php?rest_route=\/wp\/v2\/pages"}],"about":[{"href":"https:\/\/boost2nine.com\/index.php?rest_route=\/wp\/v2\/types\/page"}],"author":[{"embeddable":true,"href":"https:\/\/boost2nine.com\/index.php?rest_route=\/wp\/v2\/users\/1"}],"replies":[{"embeddable":true,"href":"https:\/\/boost2nine.com\/index.php?rest_route=%2Fwp%2Fv2%2Fcomments&post=82"}],"version-history":[{"count":17,"href":"https:\/\/boost2nine.com\/index.php?rest_route=\/wp\/v2\/pages\/82\/revisions"}],"predecessor-version":[{"id":143,"href":"https:\/\/boost2nine.com\/index.php?rest_route=\/wp\/v2\/pages\/82\/revisions\/143"}],"wp:attachment":[{"href":"https:\/\/boost2nine.com\/index.php?rest_route=%2Fwp%2Fv2%2Fmedia&parent=82"}],"curies":[{"name":"wp","href":"https:\/\/api.w.org\/{rel}","templated":true}]}}